{"id":8187,"date":"2021-04-13T13:20:35","date_gmt":"2021-04-13T18:20:35","guid":{"rendered":"https:\/\/www.marlonbecerra.co\/social-participation-in-health-policy-ppss\/"},"modified":"2023-02-20T12:00:32","modified_gmt":"2023-02-20T17:00:32","slug":"social-participation-in-health-policy-ppss","status":"publish","type":"page","link":"https:\/\/www.marlonbecerra.co\/en\/social-participation-in-health-policy-ppss\/","title":{"rendered":"Social Participation in Health Policy &#8211; PPSS"},"content":{"rendered":"<div class=\"wpb-content-wrapper\"><p>[vc_section][vc_row][vc_column width=&#8221;1\/6&#8243;][\/vc_column][vc_column width=&#8221;2\/3&#8243;]<div class=\"mgt-header-block clearfix text-center text-black wpb_content_element  mgt-header-block-style-1 mgt-header-block-fontsize-medium mgt-header-texttransform-none mgt-header-block-35991510  vc_custom_1642033400537\"><h1 class=\"mgt-header-block-title text-font-weight-default\">Social Participation in Health Policy - PPSS<\/h1><\/div><div class=\"mgt-header-block clearfix text-center text-black wpb_content_element  mgt-header-block-style-1 mgt-header-block-fontsize-regular mgt-header-texttransform-none mgt-header-block-16273345  vc_custom_1642031954425\"><h2 class=\"mgt-header-block-title text-font-weight-default\"><\/h2><p class=\"mgt-header-block-subtitle\">El Ministerio de Salud y Protecci\u00f3n Social a trav\u00e9s de la Resoluci\u00f3n 2063 de 2017 adopta la Pol\u00edtica de Participaci\u00f3n Social en Salud- PPSS, que tiene como objetivo la intervenci\u00f3n de la comunidad en la organizaci\u00f3n, control, gesti\u00f3n y fiscalizaci\u00f3n de las instituciones del sistema de salud.<\/p><\/div>[vc_empty_space height=&#8221;50px&#8221;][\/vc_column][vc_column width=&#8221;1\/6&#8243;][\/vc_column][\/vc_row][\/vc_section][vc_section][vc_row][vc_column][vc_column_text]<\/p>\n<h3 style=\"text-align: center;\">Know your Rights and Duties as a Patient<\/h3>\n<p>[\/vc_column_text][\/vc_column][\/vc_row][vc_row][vc_column width=&#8221;1\/2&#8243;][vc_column_text]<\/p>\n<h5>Rights<\/h5>\n<ul>\n<li>To freely choose the professional by whom he\/she wishes to be treated and\/or to request a change of treating professional, within the resources provided by the institution.<\/li>\n<li>To a clear, understandable, complete and appropriate communication with their condition; as well as to consent, revoke and\/or refuse the suggested treatment.<\/li>\n<li>To receive dignified, humane and ethical treatment, respecting their race, their beliefs, their customs and their own health condition.<\/li>\n<li>To privacy and confidential handling of information.<\/li>\n<li>To express and have their needs and opinions taken into account during the course of treatment.<\/li>\n<li>To request and receive explanations about the costs generated by the services rendered.<\/li>\n<li>To request a second opinion regarding your diagnosis and treatment plan.<\/li>\n<li>To express their requests, complaints or claims; and to receive a timely response.<\/li>\n<\/ul>\n<p>[\/vc_column_text][\/vc_column][vc_column width=&#8221;1\/2&#8243;][vc_column_text]<\/p>\n<h5>Duties<\/h5>\n<ul>\n<li>To provide dignified, humane and respectful treatment to the staff and other patients of the institution.<\/li>\n<li>To participate and take responsibility for their care and treatment process, as well as for the integral care of their health.<\/li>\n<li>To care for and make rational use of the resources and facilities provided for their service.<\/li>\n<li>To collaborate with the fulfillment of the rules and instructions of the institution and the professional team.<\/li>\n<li>To report everything related to your health status and personal background.<\/li>\n<li>De informar todo lo relacionado con su estado de salud y antecedentes propios.<\/li>\n<li>To attend their appointments in optimal hygienic conditions.<\/li>\n<li>To attend appointments on time and to cancel or reschedule appointments at least 12 hours in advance when unable to attend.<\/li>\n<\/ul>\n<p>[\/vc_column_text][\/vc_column][\/vc_row][vc_row][vc_column width=&#8221;1\/2&#8243;][vc_column_text]<\/p>\n<h5 style=\"text-align: center;\"><strong>Social Participation in Health Policy.<\/strong><\/h5>\n<p>[\/vc_column_text][vc_btn title=&#8221;Download&#8221; color=&#8221;primary&#8221; size=&#8221;sm&#8221; align=&#8221;center&#8221; link=&#8221;url:https%3A%2F%2Fdrive.google.com%2Ffile%2Fd%2F1CCSOcY_TGbTk62ohe5HjW8WNeINKlVpJ%2Fview|title:Download|&#8221;][vc_empty_space height=&#8221;22px&#8221;][vc_column_text]<\/p>\n<h5 style=\"text-align: center;\"><strong>Social Participation Schedule.<\/strong><\/h5>\n<p>[\/vc_column_text][vc_btn title=&#8221;Download&#8221; style=&#8221;classic&#8221; color=&#8221;primary&#8221; size=&#8221;sm&#8221; align=&#8221;center&#8221; link=&#8221;url:https%3A%2F%2Fdrive.google.com%2Ffile%2Fd%2F12wvLT7ecNGFSdL0VkOjZyAPNPOAImpV7%2Fview|title:Download|&#8221;][vc_empty_space height=&#8221;22px&#8221;][vc_column_text]<\/p>\n<h5 style=\"text-align: center;\"><strong>Action Plan.<\/strong><\/h5>\n<p>[\/vc_column_text][vc_btn title=&#8221;Download&#8221; style=&#8221;classic&#8221; color=&#8221;primary&#8221; size=&#8221;sm&#8221; align=&#8221;center&#8221; link=&#8221;url:https%3A%2F%2Fdrive.google.com%2Ffile%2Fd%2F104klYdKV0H-RuQU4N73JHndCELIIeARk%2Fview|title:Download|&#8221;][\/vc_column][vc_column width=&#8221;1\/2&#8243;][vc_column_text]<\/p>\n<h5 style=\"text-align: center;\"><strong>Socialization of the Social Participation in Health Policy.<\/strong><\/h5>\n<p>[\/vc_column_text][vc_btn title=&#8221;Download&#8221; style=&#8221;classic&#8221; color=&#8221;primary&#8221; size=&#8221;sm&#8221; align=&#8221;center&#8221; link=&#8221;url:https%3A%2F%2Fdrive.google.com%2Ffile%2Fd%2F1Dn2qWP7CZMrzoqS5OsB1-pTFTwWx-n03%2Fview|title:Download|&#8221;][vc_empty_space height=&#8221;22px&#8221;][vc_column_text]<\/p>\n<h5 style=\"text-align: center;\"><strong>Attendance lists.<\/strong><\/h5>\n<p>[\/vc_column_text][vc_btn title=&#8221;Download&#8221; style=&#8221;classic&#8221; color=&#8221;primary&#8221; size=&#8221;sm&#8221; align=&#8221;center&#8221; link=&#8221;url:https%3A%2F%2Fdrive.google.com%2Ffile%2Fd%2F1m_D1f4v1X37BdLx8zWcRtHpOyr6zPkAB%2Fview|title:Download|&#8221;][vc_empty_space height=&#8221;22px&#8221;][vc_column_text]<\/p>\n<h5 style=\"text-align: center;\"><strong>Communication Material.<\/strong><\/h5>\n<p>[\/vc_column_text][vc_btn title=&#8221;Download&#8221; style=&#8221;classic&#8221; color=&#8221;primary&#8221; size=&#8221;sm&#8221; align=&#8221;center&#8221; link=&#8221;url:https%3A%2F%2Fdrive.google.com%2Ffile%2Fd%2F1iU-rSJRTzOgxtZ1T5rPty4JYiBk5dquB%2Fview|title:Download|&#8221;][\/vc_column][\/vc_row][\/vc_section][vc_row full_width=&#8221;stretch_row&#8221; css=&#8221;.vc_custom_1608733417206{background-image: url(https:\/\/www.marlonbecerra.co\/wp-content\/uploads\/2020\/12\/punto-amarillo-3.png?id=1832) !important;background-position: 0 0 !important;background-repeat: repeat !important;}&#8221; el_class=&#8221;carrusel-servicios&#8221;][vc_column][vc_empty_space height=&#8221;50px&#8221;]<div class=\"mgt-header-block clearfix text-center text-black wpb_content_element  mgt-header-block-style-2 mgt-header-block-fontsize-medium mgt-header-texttransform-header mgt-header-block-48216858 \"><p class=\"mgt-header-block-subtitle\">Conoce nuestros<\/p><h2 class=\"mgt-header-block-title text-font-weight-default\">Servicios<\/h2><div class=\"mgt-header-line mgt-header-line-margin-large mgt-header-line-style-rounded\"><\/div><\/div>[vc_empty_space height=&#8221;25px&#8221;][vc_raw_html]W3VsdHJhLXBvcnRmb2xpbyBpZD0iMzUiXQ==[\/vc_raw_html][vc_empty_space height=&#8221;50px&#8221;][\/vc_column][\/vc_row][vc_section full_width=&#8221;stretch_row&#8221; content_placement=&#8221;middle&#8221; css=&#8221;.vc_custom_1608733289687{background-image: url(https:\/\/www.marlonbecerra.co\/wp-content\/uploads\/2020\/12\/fondo_calltoaction.jpg?id=3889) !important;background-position: center !important;background-repeat: no-repeat !important;background-size: cover !important;}&#8221; el_class=&#8221;seccion-call2action&#8221;][vc_row][vc_column][vc_empty_space height=&#8221;30px&#8221;][\/vc_column][\/vc_row][vc_row equal_height=&#8221;yes&#8221; content_placement=&#8221;middle&#8221; el_class=&#8221;row-call2action&#8221;][vc_column width=&#8221;1\/2&#8243;][vc_raw_js]JTNDc2NyaXB0JTIwdHlwZSUzRCUyMnRleHQlMkZqYXZhc2NyaXB0JTIyJTIwc3JjJTNEJTIyaHR0cHMlM0ElMkYlMkZjbGllbnRpZnkubmV0JTJGd2ViLW1hcmtldGluZyUyRnN1cGVyZm9ybXMlMkZzY3JpcHQlMkYzNTcxOC5qcyUyMiUzRSUzQyUyRnNjcmlwdCUzRQ==[\/vc_raw_js][\/vc_column][vc_column width=&#8221;1\/2&#8243; el_class=&#8221;col-txt&#8221;]<div class=\"mgt-header-block clearfix text-center text-white wpb_content_element  mgt-header-block-style-1 mgt-header-block-fontsize-regular mgt-header-texttransform-none mgt-header-block-36439768  vc_custom_1608592517063\"><h3 class=\"mgt-header-block-title text-font-weight-default\">LEAVE US YOUR CONTACT INFORMATION<\/h3><\/div><div class=\"mgt-header-block clearfix text-center text-white wpb_content_element  mgt-header-block-style-1 mgt-header-block-fontsize-regular mgt-header-texttransform-none mgt-header-block-22758092  vc_custom_1608592654870\"><h2 class=\"mgt-header-block-title text-font-weight-bold\"><\/h2><p class=\"mgt-header-block-subtitle\">Agenda una cita en tu sede m\u00e1s cercana.<\/p><div class=\"mgt-header-line mgt-header-line-margin-large mgt-header-line-style-rounded\"><\/div><\/div>[\/vc_column][\/vc_row][vc_row][vc_column][vc_empty_space height=&#8221;50px&#8221;][\/vc_column][\/vc_row][\/vc_section][vc_section full_width=&#8221;stretch_row&#8221; el_class=&#8221;seccion-newsletter&#8221; css=&#8221;.vc_custom_1609343993608{background-color: #f5f5f5 !important;}&#8221;][vc_row equal_height=&#8221;yes&#8221; content_placement=&#8221;middle&#8221; el_class=&#8221;row-newsletter pc-newsletter&#8221;][vc_column width=&#8221;1\/3&#8243;]<div class=\"mgt-header-block clearfix text-center text-custom wpb_content_element  mgt-header-block-style-1 mgt-header-block-fontsize-regular mgt-header-texttransform-none mgt-header-block-78220170 \"><h5 class=\"mgt-header-block-title text-font-weight-200\">Subscribe to our newsletter<\/h5><\/div><style scoped='scoped'>.mgt-header-block-78220170.mgt-header-block .mgt-header-block-title {color: #303030!important;}<\/style>[\/vc_column][vc_column width=&#8221;2\/3&#8243;][vc_raw_js]JTNDc2NyaXB0JTIwdHlwZSUzRCUyMnRleHQlMkZqYXZhc2NyaXB0JTIyJTIwc3JjJTNEJTIyaHR0cHMlM0ElMkYlMkZjbGllbnRpZnkubmV0JTJGd2ViLW1hcmtldGluZyUyRnN1cGVyZm9ybXMlMkZzY3JpcHQlMkYzNTU0MS5qcyUyMiUzRSUzQyUyRnNjcmlwdCUzRQ==[\/vc_raw_js][\/vc_column][\/vc_row][vc_row equal_height=&#8221;yes&#8221; content_placement=&#8221;middle&#8221; el_class=&#8221;row-newsletter mobile-newsletter&#8221;][vc_column width=&#8221;1\/3&#8243;]<div class=\"mgt-header-block clearfix text-center text-custom wpb_content_element  mgt-header-block-style-1 mgt-header-block-fontsize-regular mgt-header-texttransform-none mgt-header-block-9098344 \"><h5 class=\"mgt-header-block-title text-font-weight-200\">Subscribe to our newsletter<\/h5><\/div><style scoped='scoped'>.mgt-header-block-9098344.mgt-header-block .mgt-header-block-title {color: #303030!important;}<\/style>[\/vc_column][vc_column width=&#8221;2\/3&#8243;][vc_raw_js]JTNDc2NyaXB0JTIwdHlwZSUzRCUyMnRleHQlMkZqYXZhc2NyaXB0JTIyJTIwc3JjJTNEJTIyaHR0cHMlM0ElMkYlMkZjbGllbnRpZnkubmV0JTJGd2ViLW1hcmtldGluZyUyRnN1cGVyZm9ybXMlMkZzY3JpcHQlMkYzNzUxMC5qcyUyMiUzRSUzQyUyRnNjcmlwdCUzRQ==[\/vc_raw_js][\/vc_column][\/vc_row][\/vc_section]<\/p>\n<\/div>","protected":false},"excerpt":{"rendered":"<p>[vc_section][vc_row][vc_column width=&#8221;1\/6&#8243;][\/vc_column][vc_column width=&#8221;2\/3&#8243;][vc_empty_space height=&#8221;50px&#8221;][\/vc_column][vc_column width=&#8221;1\/6&#8243;][\/vc_column][\/vc_row][\/vc_section][vc_section][vc_row][vc_column][vc_column_text] Know your Rights and Duties as a Patient [\/vc_column_text][\/vc_column][\/vc_row][vc_row][vc_column width=&#8221;1\/2&#8243;][vc_column_text] Rights To freely&#8230;<\/p>\n","protected":false},"author":1,"featured_media":0,"parent":0,"menu_order":0,"comment_status":"closed","ping_status":"closed","template":"","meta":{"footnotes":""},"class_list":["post-8187","page","type-page","status-publish","hentry"],"_links":{"self":[{"href":"https:\/\/www.marlonbecerra.co\/en\/wp-json\/wp\/v2\/pages\/8187","targetHints":{"allow":["GET"]}}],"collection":[{"href":"https:\/\/www.marlonbecerra.co\/en\/wp-json\/wp\/v2\/pages"}],"about":[{"href":"https:\/\/www.marlonbecerra.co\/en\/wp-json\/wp\/v2\/types\/page"}],"author":[{"embeddable":true,"href":"https:\/\/www.marlonbecerra.co\/en\/wp-json\/wp\/v2\/users\/1"}],"replies":[{"embeddable":true,"href":"https:\/\/www.marlonbecerra.co\/en\/wp-json\/wp\/v2\/comments?post=8187"}],"version-history":[{"count":0,"href":"https:\/\/www.marlonbecerra.co\/en\/wp-json\/wp\/v2\/pages\/8187\/revisions"}],"wp:attachment":[{"href":"https:\/\/www.marlonbecerra.co\/en\/wp-json\/wp\/v2\/media?parent=8187"}],"curies":[{"name":"wp","href":"https:\/\/api.w.org\/{rel}","templated":true}]}}