{"id":11850,"date":"2025-08-28T11:14:01","date_gmt":"2025-08-28T16:14:01","guid":{"rendered":"https:\/\/www.marlonbecerra.co\/autorizacion-de-tratamiento-de-datos-personales\/"},"modified":"2025-08-28T11:14:01","modified_gmt":"2025-08-28T16:14:01","slug":"autorizacion-de-tratamiento-de-datos-personales","status":"publish","type":"page","link":"https:\/\/www.marlonbecerra.co\/en\/autorizacion-de-tratamiento-de-datos-personales\/","title":{"rendered":"Autorizaci\u00f3n de Tratamiento de Datos Personales"},"content":{"rendered":"<div class=\"wpb-content-wrapper\"><p>[vc_section][vc_row][vc_column width=&#8221;1\/6&#8243;][\/vc_column][vc_column width=&#8221;2\/3&#8243;]<div class=\"mgt-header-block clearfix text-center text-black wpb_content_element  mgt-header-block-style-1 mgt-header-block-fontsize-regular mgt-header-texttransform-none mgt-header-block-13742646  vc_custom_1756398265067\"><h1 class=\"mgt-header-block-title text-font-weight-default\">Autorizaci\u00f3n de Tratamiento de Datos Personales<\/h1><\/div><div class=\"mgt-header-block clearfix text-center text-black wpb_content_element  mgt-header-block-style-1 mgt-header-block-fontsize-regular mgt-header-texttransform-none mgt-header-block-12559256  vc_custom_1606745415019\"><h2 class=\"mgt-header-block-title text-font-weight-bold\"><\/h2><p class=\"mgt-header-block-subtitle\">UNIDAD OPERADORA DE FRANQUICIAS ODONTOLOGIA DE MARLON BECERRA NIT 900438367-3<\/p><div class=\"mgt-header-line mgt-header-line-margin-large mgt-header-line-style-rounded\"><\/div><\/div>[vc_empty_space height=&#8221;70px&#8221;][\/vc_column][vc_column width=&#8221;1\/6&#8243;][\/vc_column][\/vc_row][\/vc_section][vc_section][vc_row][vc_column][vc_column_text css=&#8221;&#8221;]<\/p>\n<p class=\"p1\"><b>AUTORIZACI\u00d3N PARA EL TRATAMIENTO DE DATOS PERSONALES<\/b><\/p>\n<p class=\"p2\">Al dar clic en aceptar autoriza de manera voluntaria, libre, previa, expl\u00edcita, informada e inequ\u00edvoca a <b>UNIDAD OPERADORA DE FRANQUICIAS OMB S.A.S.<\/b>, identificada con NIT. 900.438.367-3, para que realice el tratamiento de mis datos personales de acuerdo con la siguiente informaci\u00f3n:<\/p>\n<ol class=\"ol1\">\n<li class=\"li2\"><b>RESPONSABLE DEL TRATAMIENTO:<\/b> El responsable del tratamiento de los datos personales es el Dr. Carlos Alberto Ramos Vargas, en la sede administrativa ubicada en la Calle 90 # 15 \u2013 17 en Bogot\u00e1 D.C.<\/li>\n<\/ol>\n<ul class=\"ul1\">\n<li class=\"li2\"><b>Tel\u00e9fono:<\/b> (+57) (1) 7461111<\/li>\n<li class=\"li2\"><b>Correo electr\u00f3nico para peticiones y reclamos:<\/b> <a href=\"mailto:protecdatos@marlonbecerra.co\"><span class=\"s2\">protecdatos@marlonbecerra.co<\/span><\/a><\/li>\n<li class=\"li3\"><span class=\"s4\"><b>P\u00e1gina web:<\/b> <a href=\"http:\/\/www.marlonbecerra.co\"><span class=\"s2\">www.marlonbecerra.co<\/span><\/a> <\/span><\/li>\n<li class=\"li2\">\u00a0Correo electr\u00f3nico para PQR relacionados con protecci\u00f3n de datos protecdatos@marlonbecerra.co o en la p\u00e1gina web en <a href=\"https:\/\/www.marlonbecerra.co\/proteccion-de-datos-personales\/\" rel=\"nofollow\">https:\/\/www.marlonbecerra.co\/proteccion-de-datos-personales\/<\/a><\/li>\n<\/ul>\n<ol class=\"ol1\">\n<li class=\"li2\"><b>FINALIDADES DEL TRATAMIENTO:<\/b> Declaro que se me ha informado que mis datos personales ser\u00e1n recolectados, almacenados, usados, circulados y, en general, tratados para las siguientes finalidades:<\/li>\n<\/ol>\n<ol class=\"ol1\">\n<li style=\"list-style-type: none;\">\n<ol class=\"ol1\">\n<li class=\"li2\"><span class=\"s6\"><b>Finalidades Generales:<\/b><b><\/b><\/span><\/li>\n<\/ol>\n<\/li>\n<\/ol>\n<ul class=\"ul1\">\n<li class=\"li2\">Establecer una comunicaci\u00f3n eficiente relacionada con los servicios, productos y alianzas de la organizaci\u00f3n.<\/li>\n<li class=\"li2\">Verificar la veracidad de la informaci\u00f3n suministrada.<\/li>\n<li class=\"li2\">Informar sobre campa\u00f1as de mercadeo, promoci\u00f3n de servicios, programas especiales y actividades educativas.<\/li>\n<li class=\"li2\">Realizar encuestas de satisfacci\u00f3n sobre los servicios prestados.<\/li>\n<li class=\"li2\">Gestionar y dar seguimiento a solicitudes, peticiones y sugerencias.<\/li>\n<li class=\"li2\">Fines administrativos y anal\u00edticos, como facturaci\u00f3n, contabilidad, auditor\u00edas y procesamiento de pagos.<\/li>\n<\/ul>\n<ol class=\"ol1\">\n<li style=\"list-style-type: none;\">\n<ol class=\"ol1\">\n<li class=\"li2\"><span class=\"s6\"><b>Finalidades Espec\u00edficas (seg\u00fan mi relaci\u00f3n con la organizaci\u00f3n como paciente, colaborador, proveedor, etc.):<\/b><b><\/b><\/span><\/li>\n<\/ol>\n<\/li>\n<\/ol>\n<ul class=\"ul1\">\n<li class=\"li2\"><b>Pacientes:<\/b> Obtener datos para investigaci\u00f3n cl\u00ednica, lograr una comunicaci\u00f3n eficiente sobre servicios, e informar sobre campa\u00f1as y programas especiales de salud.<\/li>\n<li class=\"li2\"><b>Colaboradores:<\/b> Gestionar procesos de selecci\u00f3n, promoci\u00f3n interna, capacitaci\u00f3n, acceso a plataformas y verificaci\u00f3n de datos laborales para fines crediticios, previa validaci\u00f3n.<\/li>\n<li class=\"li2\"><b>Proveedores y Contratistas:<\/b> Evaluar los bienes y servicios prestados y gestionar la relaci\u00f3n contractual.<\/li>\n<li class=\"li2\"><b>Visitantes:<\/b> Garantizar la seguridad de las personas y las instalaciones.<\/li>\n<\/ul>\n<ol class=\"ol1\">\n<li class=\"li2\"><b>TRATAMIENTO DE DATOS SENSIBLES:<\/b> He sido informado(a) de que, para la prestaci\u00f3n de los servicios de salud, se recolectar\u00e1n datos sensibles, como los relativos a mi estado de salud y datos biom\u00e9tricos. Entiendo que el suministro de esta informaci\u00f3n es facultativo y que no estoy obligado(a) a autorizar su tratamiento.<\/li>\n<\/ol>\n<p class=\"p6\">De manera expl\u00edcita, <b>AUTORIZO<\/b> el tratamiento de mis datos sensibles para las finalidades relacionadas con la prestaci\u00f3n de servicios de salud, diagn\u00f3stico, tratamiento m\u00e9dico y dem\u00e1s fines necesarios para garantizar mi bienestar.<\/p>\n<ol class=\"ol1\">\n<li class=\"li2\"><b>DERECHOS DEL TITULAR:<\/b> Manifiesto que conozco mis derechos como titular de los datos personales, los cuales est\u00e1n consagrados en el art\u00edculo 15 de la Constituci\u00f3n Pol\u00edtica y la Ley 1581 de 2012. Estos derechos son:<\/li>\n<\/ol>\n<ul class=\"ul1\">\n<li class=\"li2\">Conocer, rectificar y actualizar mis datos personales.<\/li>\n<li class=\"li2\">Solicitar prueba de la autorizaci\u00f3n otorgada.<\/li>\n<li class=\"li2\">Ser informado sobre el uso que se les ha dado a mis datos personales.<\/li>\n<li class=\"li2\">Presentar quejas ante la Superintendencia de Industria y Comercio por infracciones a la ley.<\/li>\n<li class=\"li2\">Revocar la autorizaci\u00f3n y\/o solicitar la supresi\u00f3n de mis datos, siempre que no exista un deber legal o contractual de permanecer en la base de datos.<\/li>\n<li class=\"li2\">Acceder de forma gratuita a mis datos personales que hayan sido objeto de tratamiento.<\/li>\n<\/ul>\n<p class=\"p2\">Para ejercer estos derechos, puedo enviar una solicitud al correo electr\u00f3nico <a href=\"mailto:protecdatos@marlonbecerra.co\"><span class=\"s2\"><b>protecdatos@marlonbecerra.co<\/b><\/span><\/a> o al <span class=\"s5\">(adjuntar<span class=\"Apple-converted-space\">\u00a0 <\/span>hiperv\u00ednculo creado para PQR de protecci\u00f3n de datos)<\/span><\/p>\n<ol class=\"ol1\">\n<li class=\"li2\"><b>TRANSFERENCIA Y TRANSMISI\u00d3N DE DATOS:<\/b> Autorizo expresamente a <b>UNIDAD OPERADORA DE FRANQUICIAS OMB S.A.S.<\/b> para realizar la transferencia y transmisi\u00f3n nacional e internacional de mis datos personales a terceros, con el fin de cumplir con las finalidades aqu\u00ed descritas, siempre bajo el compromiso de que dichos terceros observar\u00e1n la pol\u00edtica de tratamiento de datos de la organizaci\u00f3n.<\/li>\n<\/ol>\n<ol class=\"ol1\">\n<li class=\"li2\"><b>VIGENCIA Y POL\u00cdTICA DE TRATAMIENTO:<\/b> Declaro que he le\u00eddo y comprendido la &#8220;<a href=\"https:\/\/www.marlonbecerra.co\/en\/data-processing-policy\/\" rel=\"nofollow\">Pol\u00edtica de Tratamiento de Datos Personales<\/a>&#8221; de <b>UNIDAD OPERADORA DE FRANQUICIAS OMB S.A.S.<\/b>, la cual se encuentra disponible para mi consulta en sus instalaciones y en el portal web <a href=\"http:\/\/www.marlonbecerra.co\"><span class=\"s2\">www.marlonbecerra.co<\/span><\/a> Entiendo que mis datos ser\u00e1n conservados durante el tiempo necesario para cumplir con las finalidades para las que fueron recolectados.<\/li>\n<\/ol>\n<ol class=\"ol1\">\n<li class=\"li2\"><b>AVISO DE PRIVACIDAD<\/b><\/li>\n<\/ol>\n<p class=\"p6\"><strong>UNIDAD OPERADORA DE FRANQUICIAS OMB S.A.S<\/strong>., identificada con NIT. 900.438.367-3, con domicilio en la Calle 90 # 15 \u2013 17 en Bogot\u00e1 D.C., act\u00faa como responsable del Tratamiento de sus datos personales.<\/p>\n<p class=\"p6\">Le informamos que sus datos personales ser\u00e1n recolectados, usados, almacenados y procesados con las siguientes finalidades principales:<\/p>\n<ul class=\"ul1\">\n<li class=\"li2\">Prestar nuestros servicios de salud odontol\u00f3gica.<\/li>\n<li class=\"li2\">Realizar procesos administrativos como facturaci\u00f3n, contabilidad y gesti\u00f3n de pagos.<\/li>\n<li class=\"li2\">Mantener una comunicaci\u00f3n eficiente sobre nuestros servicios, alianzas y campa\u00f1as comerciales, promocionales o educativas.<\/li>\n<li class=\"li2\">Realizar encuestas de satisfacci\u00f3n para el mejoramiento de la calidad del servicio.<\/li>\n<li class=\"li2\">Garantizar la seguridad de las personas en nuestras instalaciones.<\/li>\n<\/ul>\n<p class=\"p6\">En caso de que se le soliciten datos sensibles (como los relacionados con su salud), le recordamos que no est\u00e1 obligado a autorizar su tratamiento.<\/p>\n<p class=\"p6\">Como titular de la informaci\u00f3n, usted tiene derecho a conocer, actualizar, rectificar y suprimir sus datos personales, as\u00ed como a revocar la autorizaci\u00f3n otorgada. Para ejercer sus derechos, puede enviar su petici\u00f3n al correo electr\u00f3nico <a href=\"mailto:protecdatos@marlonbecerra.co\"><span class=\"s2\">protecdatos@marlonbecerra.co<\/span><\/a>.<\/p>\n<p class=\"p6\">Para conocer en detalle las finalidades del tratamiento y los mecanismos para ejercer sus derechos, lo invitamos a consultar nuestra <a href=\"https:\/\/www.marlonbecerra.co\/en\/data-processing-policy\/\" rel=\"nofollow\">Pol\u00edtica de Tratamiento de Datos Personales<\/a> en nuestro portal web <a href=\"http:\/\/www.marlonbecerra.co\/\"><span class=\"s2\">www.marlonbecerra.co<\/span><\/a><\/p>\n<p class=\"p6\">Al hacer clic en &#8220;Enviar&#8221;, aceptas y autorizas el tratamiento de tus datos personales seg\u00fan nuestra <a href=\"https:\/\/www.marlonbecerra.co\/en\/data-processing-policy\/\" rel=\"nofollow\">Pol\u00edtica de Tratamiento de Datos Personales.<\/a><\/p>\n<p>[\/vc_column_text][\/vc_column][\/vc_row][\/vc_section]<\/p>\n<\/div>","protected":false},"excerpt":{"rendered":"<p>[vc_section][vc_row][vc_column width=&#8221;1\/6&#8243;][\/vc_column][vc_column width=&#8221;2\/3&#8243;][vc_empty_space height=&#8221;70px&#8221;][\/vc_column][vc_column width=&#8221;1\/6&#8243;][\/vc_column][\/vc_row][\/vc_section][vc_section][vc_row][vc_column][vc_column_text css=&#8221;&#8221;] AUTORIZACI\u00d3N PARA EL TRATAMIENTO DE DATOS PERSONALES Al dar clic en aceptar&#8230;<\/p>\n","protected":false},"author":1,"featured_media":0,"parent":0,"menu_order":0,"comment_status":"closed","ping_status":"closed","template":"","meta":{"footnotes":""},"class_list":["post-11850","page","type-page","status-publish","hentry"],"_links":{"self":[{"href":"https:\/\/www.marlonbecerra.co\/en\/wp-json\/wp\/v2\/pages\/11850","targetHints":{"allow":["GET"]}}],"collection":[{"href":"https:\/\/www.marlonbecerra.co\/en\/wp-json\/wp\/v2\/pages"}],"about":[{"href":"https:\/\/www.marlonbecerra.co\/en\/wp-json\/wp\/v2\/types\/page"}],"author":[{"embeddable":true,"href":"https:\/\/www.marlonbecerra.co\/en\/wp-json\/wp\/v2\/users\/1"}],"replies":[{"embeddable":true,"href":"https:\/\/www.marlonbecerra.co\/en\/wp-json\/wp\/v2\/comments?post=11850"}],"version-history":[{"count":0,"href":"https:\/\/www.marlonbecerra.co\/en\/wp-json\/wp\/v2\/pages\/11850\/revisions"}],"wp:attachment":[{"href":"https:\/\/www.marlonbecerra.co\/en\/wp-json\/wp\/v2\/media?parent=11850"}],"curies":[{"name":"wp","href":"https:\/\/api.w.org\/{rel}","templated":true}]}}